{"id":9722,"date":"2024-06-27T19:52:49","date_gmt":"2024-06-27T19:52:49","guid":{"rendered":"https:\/\/lockersbilbao.es\/?page_id=9722"},"modified":"2024-06-27T19:52:49","modified_gmt":"2024-06-27T19:52:49","slug":"aviso-legal","status":"publish","type":"page","link":"https:\/\/lockersbilbao.es\/index.php\/aviso-legal\/","title":{"rendered":"Aviso Legal"},"content":{"rendered":"\n<p><strong>Identificaci\u00f3n del Titular<\/strong> Nombre de la Empresa: The Urban Host Domicilio: Paseo Campo Volantin 17, Bajo, 48007 Bilbao, Vizcaya, Espa\u00f1a Correo electr\u00f3nico: <a>info@theurbanhosts.com<\/a> Tel\u00e9fono: +34 664 056 672 Sitio Web: <a href=\"https:\/\/theurbanhosts.com\">https:\/\/theurbanhosts.com<\/a><\/p>\n\n\n\n<p><strong>Propiedad Intelectual e Industrial<\/strong> <\/p>\n\n\n\n<p>Todos los contenidos de este sitio web, incluyendo textos, im\u00e1genes, gr\u00e1ficos y c\u00f3digo fuente, son propiedad intelectual de The Urban Host o de terceros, y est\u00e1n protegidos por derechos de propiedad intelectual e industrial. Est\u00e1 prohibida la reproducci\u00f3n, distribuci\u00f3n o comunicaci\u00f3n p\u00fablica total o parcial de estos contenidos sin la autorizaci\u00f3n expresa de The Urban Host.<\/p>\n\n\n\n<p><strong>Condiciones de Uso<\/strong> <\/p>\n\n\n\n<p>El acceso y uso de este sitio web atribuye la condici\u00f3n de usuario. Al utilizar este sitio web, el usuario acepta plenamente y sin reservas las condiciones generales aqu\u00ed expuestas. The Urban Host se reserva el derecho de modificar estas condiciones en cualquier momento. El usuario es responsable de revisar regularmente estas condiciones de uso.<\/p>\n\n\n\n<p><strong>Responsabilidades<\/strong> <\/p>\n\n\n\n<p>The Urban Host no se responsabiliza de los da\u00f1os y perjuicios derivados del uso de este sitio web ni de la violaci\u00f3n de las condiciones de uso por parte de los usuarios. Asimismo, The Urban Host se exonera de cualquier responsabilidad por los enlaces externos de terceros que puedan incluirse en el sitio web.<\/p>\n\n\n\n<p><strong>Legislaci\u00f3n Aplicable y Jurisdicci\u00f3n<\/strong> <\/p>\n\n\n\n<p>Este Aviso Legal se rige por la legislaci\u00f3n espa\u00f1ola. Para la resoluci\u00f3n de cualquier controversia que pueda surgir en relaci\u00f3n con su interpretaci\u00f3n, aplicaci\u00f3n y cumplimiento, el usuario, renunciando expresamente a cualquier otro fuero que pudiera corresponderle, se somete a los Juzgados y Tribunales de Bilbao, Espa\u00f1a.<\/p>\n\n\n\n<p><strong>Actualizaciones y Modificaciones<\/strong> <\/p>\n\n\n\n<p>The Urban Host se reserva el derecho de modificar o eliminar en cualquier momento y sin previo aviso los contenidos, servicios y informaciones que se encuentran en este sitio web.<\/p>\n\n\n\n<p><strong>Datos de Contacto<\/strong> <\/p>\n\n\n\n<p>Para cualquier pregunta o comentario sobre estas condiciones, por favor contacta con nosotros en la direcci\u00f3n de correo electr\u00f3nico <a>info@theurbanhosts.com<\/a> o al n\u00famero de tel\u00e9fono +34 664 056 672.<\/p>\n\n\n\n<p>Este documento fue actualizado por \u00faltima vez el 21 de marzo de 2022.<\/p>\n","protected":false},"excerpt":{"rendered":"<p>Identificaci\u00f3n del Titular Nombre de la Empresa: The Urban Host Domicilio: Paseo Campo Volantin 17, Bajo, 48007 Bilbao, Vizcaya, Espa\u00f1a Correo electr\u00f3nico: info@theurbanhosts.com Tel\u00e9fono: +34 664 056 672 Sitio Web: https:\/\/theurbanhosts.com Propiedad Intelectual e Industrial Todos los contenidos de este sitio web, incluyendo textos, im\u00e1genes, gr\u00e1ficos y c\u00f3digo fuente, son propiedad intelectual de The Urban [&hellip;]<\/p>\n","protected":false},"author":1,"featured_media":0,"parent":0,"menu_order":0,"comment_status":"closed","ping_status":"closed","template":"","meta":{"inline_featured_image":false,"footnotes":""},"class_list":["post-9722","page","type-page","status-publish","hentry"],"yoast_head":"<!-- This site is optimized with the Yoast SEO plugin v21.9.1 - https:\/\/yoast.com\/wordpress\/plugins\/seo\/ -->\n<title>Aviso Legal - Locker 24 Horas<\/title>\n<meta name=\"robots\" content=\"index, follow, max-snippet:-1, max-image-preview:large, max-video-preview:-1\" \/>\n<link rel=\"canonical\" href=\"https:\/\/lockersbilbao.es\/index.php\/aviso-legal\/\" \/>\n<meta property=\"og:locale\" content=\"es_ES\" \/>\n<meta property=\"og:type\" content=\"article\" \/>\n<meta property=\"og:title\" content=\"Aviso Legal - Locker 24 Horas\" \/>\n<meta property=\"og:description\" content=\"Identificaci\u00f3n del Titular Nombre de la Empresa: The Urban Host Domicilio: Paseo Campo Volantin 17, Bajo, 48007 Bilbao, Vizcaya, Espa\u00f1a Correo electr\u00f3nico: info@theurbanhosts.com Tel\u00e9fono: +34 664 056 672 Sitio Web: https:\/\/theurbanhosts.com Propiedad Intelectual e Industrial Todos los contenidos de este sitio web, incluyendo textos, im\u00e1genes, gr\u00e1ficos y c\u00f3digo fuente, son propiedad intelectual de The Urban [&hellip;]\" \/>\n<meta property=\"og:url\" content=\"https:\/\/lockersbilbao.es\/index.php\/aviso-legal\/\" \/>\n<meta property=\"og:site_name\" content=\"Locker 24 Horas\" \/>\n<meta name=\"twitter:card\" content=\"summary_large_image\" \/>\n<meta name=\"twitter:label1\" content=\"Tiempo de lectura\" \/>\n\t<meta name=\"twitter:data1\" content=\"2 minutos\" \/>\n<script type=\"application\/ld+json\" class=\"yoast-schema-graph\">{\"@context\":\"https:\/\/schema.org\",\"@graph\":[{\"@type\":\"WebPage\",\"@id\":\"https:\/\/lockersbilbao.es\/index.php\/aviso-legal\/\",\"url\":\"https:\/\/lockersbilbao.es\/index.php\/aviso-legal\/\",\"name\":\"Aviso Legal - Locker 24 Horas\",\"isPartOf\":{\"@id\":\"https:\/\/lockersbilbao.es\/#website\"},\"datePublished\":\"2024-06-27T19:52:49+00:00\",\"dateModified\":\"2024-06-27T19:52:49+00:00\",\"breadcrumb\":{\"@id\":\"https:\/\/lockersbilbao.es\/index.php\/aviso-legal\/#breadcrumb\"},\"inLanguage\":\"es\",\"potentialAction\":[{\"@type\":\"ReadAction\",\"target\":[\"https:\/\/lockersbilbao.es\/index.php\/aviso-legal\/\"]}]},{\"@type\":\"BreadcrumbList\",\"@id\":\"https:\/\/lockersbilbao.es\/index.php\/aviso-legal\/#breadcrumb\",\"itemListElement\":[{\"@type\":\"ListItem\",\"position\":1,\"name\":\"Portada\",\"item\":\"https:\/\/lockersbilbao.es\/\"},{\"@type\":\"ListItem\",\"position\":2,\"name\":\"Aviso Legal\"}]},{\"@type\":\"WebSite\",\"@id\":\"https:\/\/lockersbilbao.es\/#website\",\"url\":\"https:\/\/lockersbilbao.es\/\",\"name\":\"Locker 24 Horas\",\"description\":\"\",\"potentialAction\":[{\"@type\":\"SearchAction\",\"target\":{\"@type\":\"EntryPoint\",\"urlTemplate\":\"https:\/\/lockersbilbao.es\/?s={search_term_string}\"},\"query-input\":\"required name=search_term_string\"}],\"inLanguage\":\"es\"}]}<\/script>\n<!-- \/ Yoast SEO plugin. -->","yoast_head_json":{"title":"Aviso Legal - Locker 24 Horas","robots":{"index":"index","follow":"follow","max-snippet":"max-snippet:-1","max-image-preview":"max-image-preview:large","max-video-preview":"max-video-preview:-1"},"canonical":"https:\/\/lockersbilbao.es\/index.php\/aviso-legal\/","og_locale":"es_ES","og_type":"article","og_title":"Aviso Legal - Locker 24 Horas","og_description":"Identificaci\u00f3n del Titular Nombre de la Empresa: The Urban Host Domicilio: Paseo Campo Volantin 17, Bajo, 48007 Bilbao, Vizcaya, Espa\u00f1a Correo electr\u00f3nico: info@theurbanhosts.com Tel\u00e9fono: +34 664 056 672 Sitio Web: https:\/\/theurbanhosts.com Propiedad Intelectual e Industrial Todos los contenidos de este sitio web, incluyendo textos, im\u00e1genes, gr\u00e1ficos y c\u00f3digo fuente, son propiedad intelectual de The Urban [&hellip;]","og_url":"https:\/\/lockersbilbao.es\/index.php\/aviso-legal\/","og_site_name":"Locker 24 Horas","twitter_card":"summary_large_image","twitter_misc":{"Tiempo de lectura":"2 minutos"},"schema":{"@context":"https:\/\/schema.org","@graph":[{"@type":"WebPage","@id":"https:\/\/lockersbilbao.es\/index.php\/aviso-legal\/","url":"https:\/\/lockersbilbao.es\/index.php\/aviso-legal\/","name":"Aviso Legal - Locker 24 Horas","isPartOf":{"@id":"https:\/\/lockersbilbao.es\/#website"},"datePublished":"2024-06-27T19:52:49+00:00","dateModified":"2024-06-27T19:52:49+00:00","breadcrumb":{"@id":"https:\/\/lockersbilbao.es\/index.php\/aviso-legal\/#breadcrumb"},"inLanguage":"es","potentialAction":[{"@type":"ReadAction","target":["https:\/\/lockersbilbao.es\/index.php\/aviso-legal\/"]}]},{"@type":"BreadcrumbList","@id":"https:\/\/lockersbilbao.es\/index.php\/aviso-legal\/#breadcrumb","itemListElement":[{"@type":"ListItem","position":1,"name":"Portada","item":"https:\/\/lockersbilbao.es\/"},{"@type":"ListItem","position":2,"name":"Aviso Legal"}]},{"@type":"WebSite","@id":"https:\/\/lockersbilbao.es\/#website","url":"https:\/\/lockersbilbao.es\/","name":"Locker 24 Horas","description":"","potentialAction":[{"@type":"SearchAction","target":{"@type":"EntryPoint","urlTemplate":"https:\/\/lockersbilbao.es\/?s={search_term_string}"},"query-input":"required name=search_term_string"}],"inLanguage":"es"}]}},"_links":{"self":[{"href":"https:\/\/lockersbilbao.es\/index.php\/wp-json\/wp\/v2\/pages\/9722","targetHints":{"allow":["GET"]}}],"collection":[{"href":"https:\/\/lockersbilbao.es\/index.php\/wp-json\/wp\/v2\/pages"}],"about":[{"href":"https:\/\/lockersbilbao.es\/index.php\/wp-json\/wp\/v2\/types\/page"}],"author":[{"embeddable":true,"href":"https:\/\/lockersbilbao.es\/index.php\/wp-json\/wp\/v2\/users\/1"}],"replies":[{"embeddable":true,"href":"https:\/\/lockersbilbao.es\/index.php\/wp-json\/wp\/v2\/comments?post=9722"}],"version-history":[{"count":1,"href":"https:\/\/lockersbilbao.es\/index.php\/wp-json\/wp\/v2\/pages\/9722\/revisions"}],"predecessor-version":[{"id":9723,"href":"https:\/\/lockersbilbao.es\/index.php\/wp-json\/wp\/v2\/pages\/9722\/revisions\/9723"}],"wp:attachment":[{"href":"https:\/\/lockersbilbao.es\/index.php\/wp-json\/wp\/v2\/media?parent=9722"}],"curies":[{"name":"wp","href":"https:\/\/api.w.org\/{rel}","templated":true}]}}